{"id":861,"date":"2016-11-18T11:07:02","date_gmt":"2016-11-18T11:07:02","guid":{"rendered":"http:\/\/tattoo.drummersland.com\/de\/?page_id=861"},"modified":"2026-01-22T13:49:06","modified_gmt":"2026-01-22T12:49:06","slug":"kontakt","status":"publish","type":"page","link":"https:\/\/avenchestattoo.ch\/de\/kontakt\/","title":{"rendered":"Kontakt"},"content":{"rendered":"\n<style type=\"text\/css\" data-created_by=\"avia_inline_auto\" id=\"style-css-av-68ms4d-7fa08f9f023ca87bf5ee515006b7f891\">\n.avia-section.av-68ms4d-7fa08f9f023ca87bf5ee515006b7f891 .av-parallax .av-parallax-inner{\nbackground-repeat:no-repeat;\nbackground-image:url(https:\/\/avenchestattoo.ch\/wp-content\/uploads\/2024\/09\/rawkingphoto-dsc2631-scaled.jpg);\nbackground-position:50% 50%;\nbackground-attachment:scroll;\n}\n.avia-section.av-68ms4d-7fa08f9f023ca87bf5ee515006b7f891 .av-section-color-overlay{\nopacity:0.3;\nbackground-color:#020202;\n}\n<\/style>\n<div id='av_section_1'  class='avia-section av-68ms4d-7fa08f9f023ca87bf5ee515006b7f891 main_color avia-section-default avia-no-shadow  avia-builder-el-0  el_before_av_section  avia-builder-el-first  avia-full-stretch av-parallax-section avia-bg-style-parallax av-section-color-overlay-active container_wrap sidebar_right'  data-section-bg-repeat='stretch'><div class='av-parallax' data-avia-parallax-ratio='0.3' ><div class='av-parallax-inner main_color avia-full-stretch'><\/div><\/div><div class=\"av-section-color-overlay-wrap\"><div class=\"av-section-color-overlay\"><\/div><div class='container av-section-cont-open' ><main  role=\"main\" itemprop=\"mainContentOfPage\"  class='template-page content  av-content-small alpha units'><div class='post-entry post-entry-type-page post-entry-861'><div class='entry-content-wrapper clearfix'>\n\n<style type=\"text\/css\" data-created_by=\"avia_inline_auto\" id=\"style-css-av-jj8b3j92-d6dcc1ad9a0b42624a684f00091797fc\">\n#top .av-special-heading.av-jj8b3j92-d6dcc1ad9a0b42624a684f00091797fc{\npadding-bottom:0;\ncolor:#ffffff;\nfont-size:60px;\n}\nbody .av-special-heading.av-jj8b3j92-d6dcc1ad9a0b42624a684f00091797fc .av-special-heading-tag .heading-char{\nfont-size:25px;\n}\n#top #wrap_all .av-special-heading.av-jj8b3j92-d6dcc1ad9a0b42624a684f00091797fc .av-special-heading-tag{\nfont-size:60px;\n}\n.av-special-heading.av-jj8b3j92-d6dcc1ad9a0b42624a684f00091797fc .special-heading-inner-border{\nborder-color:#ffffff;\n}\n.av-special-heading.av-jj8b3j92-d6dcc1ad9a0b42624a684f00091797fc .av-subheading{\nfont-size:18px;\n}\n\n@media only screen and (min-width: 480px) and (max-width: 767px){ \n#top #wrap_all .av-special-heading.av-jj8b3j92-d6dcc1ad9a0b42624a684f00091797fc .av-special-heading-tag{\nfont-size:24px;\n}\n}\n\n@media only screen and (max-width: 479px){ \n#top #wrap_all .av-special-heading.av-jj8b3j92-d6dcc1ad9a0b42624a684f00091797fc .av-special-heading-tag{\nfont-size:22px;\n}\n}\n<\/style>\n<div  class='av-special-heading av-jj8b3j92-d6dcc1ad9a0b42624a684f00091797fc av-special-heading-h1 custom-color-heading blockquote modern-quote  avia-builder-el-1  avia-builder-el-no-sibling  av-thin-font av-inherit-size'><h1 class='av-special-heading-tag '  itemprop=\"headline\"  ><strong>Kontakt<\/strong><\/h1><div class=\"special-heading-border\"><div class=\"special-heading-inner-border\"><\/div><\/div><\/div>\n\n<\/div><\/div><\/main><!-- close content main element --><\/div><\/div><\/div><div id='av_section_2'  class='avia-section av-5tigfx-99c4111b98247c6e42bb4624a731e97a main_color avia-section-default avia-no-shadow  avia-builder-el-2  el_after_av_section  el_before_av_section  avia-bg-style-scroll container_wrap sidebar_right'  ><div class='container av-section-cont-open' ><div class='template-page content  av-content-small alpha units'><div class='post-entry post-entry-type-page post-entry-861'><div class='entry-content-wrapper clearfix'>\n\n<style type=\"text\/css\" data-created_by=\"avia_inline_auto\" id=\"style-css-av-5pdr1p-a0eb29b0068879a873410839767061f8\">\n.flex_column.av-5pdr1p-a0eb29b0068879a873410839767061f8{\nborder-radius:0px 0px 0px 0px;\npadding:0px 0px 0px 0px;\n}\n<\/style>\n<div  class='flex_column av-5pdr1p-a0eb29b0068879a873410839767061f8 av_one_half  avia-builder-el-3  el_before_av_one_half  avia-builder-el-first  first flex_column_div av-zero-column-padding  '     ><p>\n<style type=\"text\/css\" data-created_by=\"avia_inline_auto\" id=\"style-css-av-km711-678598e4340d149ac827a2b8900a620a\">\n#top .av-special-heading.av-km711-678598e4340d149ac827a2b8900a620a{\npadding-bottom:10px;\n}\nbody .av-special-heading.av-km711-678598e4340d149ac827a2b8900a620a .av-special-heading-tag .heading-char{\nfont-size:25px;\n}\n.av-special-heading.av-km711-678598e4340d149ac827a2b8900a620a .av-subheading{\nfont-size:15px;\n}\n<\/style>\n<div  class='av-special-heading av-km711-678598e4340d149ac827a2b8900a620a av-special-heading-h3  avia-builder-el-4  el_before_av_textblock  avia-builder-el-first '><h3 class='av-special-heading-tag '  itemprop=\"headline\"  >Kartenverkauf<\/h3><div class=\"special-heading-border\"><div class=\"special-heading-inner-border\"><\/div><\/div><\/div><br \/>\n<section  class='av_textblock_section av-5ep31x-cba45d07def4fec5874693ddf32dbf94 '   itemscope=\"itemscope\" itemtype=\"https:\/\/schema.org\/CreativeWork\" ><div class='avia_textblock'  itemprop=\"text\" ><p>Avenches Tourisme<br \/>\nPlace de l&#8217;Eglise 3<br \/>\n1580 Avenches<\/p>\n<p>Tel. +41 (0)26 676 99 22<br \/>\nFax +41 (0)26 675 33 93<br \/>\n<a href=\"mailto:info@avenches.ch\">info@avenches.ch<\/a><\/p>\n<\/div><\/section><\/p><\/div>\n<style type=\"text\/css\" data-created_by=\"avia_inline_auto\" id=\"style-css-av-57dd85-98e568dc26a277e12353ebd8702c2d46\">\n.flex_column.av-57dd85-98e568dc26a277e12353ebd8702c2d46{\nborder-radius:0px 0px 0px 0px;\npadding:0px 0px 0px 0px;\n}\n<\/style>\n<div  class='flex_column av-57dd85-98e568dc26a277e12353ebd8702c2d46 av_one_half  avia-builder-el-6  el_after_av_one_half  avia-builder-el-last  flex_column_div av-zero-column-padding  '     ><p>\n<style type=\"text\/css\" data-created_by=\"avia_inline_auto\" id=\"style-css-av-fhcph-79e7396e0cb91c4d57e3d6c85ab3d9b4\">\n#top .av-special-heading.av-fhcph-79e7396e0cb91c4d57e3d6c85ab3d9b4{\npadding-bottom:10px;\n}\nbody .av-special-heading.av-fhcph-79e7396e0cb91c4d57e3d6c85ab3d9b4 .av-special-heading-tag .heading-char{\nfont-size:25px;\n}\n.av-special-heading.av-fhcph-79e7396e0cb91c4d57e3d6c85ab3d9b4 .av-subheading{\nfont-size:15px;\n}\n<\/style>\n<div  class='av-special-heading av-fhcph-79e7396e0cb91c4d57e3d6c85ab3d9b4 av-special-heading-h3  avia-builder-el-7  el_before_av_textblock  avia-builder-el-first '><h3 class='av-special-heading-tag '  itemprop=\"headline\"  >Veranstalter<\/h3><div class=\"special-heading-border\"><div class=\"special-heading-inner-border\"><\/div><\/div><\/div><br \/>\n<section  class='av_textblock_section av-4tv7ol-65eb6cbf8c673feb2a2536f0ea5f19a0 '   itemscope=\"itemscope\" itemtype=\"https:\/\/schema.org\/CreativeWork\" ><div class='avia_textblock'  itemprop=\"text\" ><p>Avenches Tattoo<br \/>\nRue Centrale 29<br \/>\nCase postale 2<br \/>\n1580 Avenches<\/p>\n<p><a href=\"mailto:info@avenchestattoo.ch\">info@avenchestattoo.ch<\/a><\/p>\n<\/div><\/section><\/p><\/div>\n\n<\/div><\/div><\/div><!-- close content main div --><\/div><\/div>\n<style type=\"text\/css\" data-created_by=\"avia_inline_auto\" id=\"style-css-av-4q42pp-3b0c9e9b64b3433ec23ab0ac0a40f81d\">\n.avia-section.av-4q42pp-3b0c9e9b64b3433ec23ab0ac0a40f81d .av-parallax .av-parallax-inner{\nbackground-repeat:no-repeat;\nbackground-image:url(https:\/\/avenchestattoo.ch\/wp-content\/uploads\/2018\/12\/rawkingphoto--dsc4742-hd.jpg);\nbackground-position:50% 100%;\nbackground-attachment:scroll;\n}\n.avia-section.av-4q42pp-3b0c9e9b64b3433ec23ab0ac0a40f81d .av-section-color-overlay{\nopacity:0.3;\nbackground-color:#000000;\n}\n<\/style>\n<div id='av_section_3'  class='avia-section av-4q42pp-3b0c9e9b64b3433ec23ab0ac0a40f81d main_color avia-section-default avia-no-shadow  avia-builder-el-9  el_after_av_section  el_before_av_one_third  avia-full-stretch av-parallax-section avia-bg-style-parallax av-section-color-overlay-active container_wrap sidebar_right'  data-section-bg-repeat='stretch'><div class='av-parallax' data-avia-parallax-ratio='0.3' ><div class='av-parallax-inner main_color avia-full-stretch'><\/div><\/div><div class=\"av-section-color-overlay-wrap\"><div class=\"av-section-color-overlay\"><\/div><div class='container av-section-cont-open' ><div class='template-page content  av-content-small alpha units'><div class='post-entry post-entry-type-page post-entry-861'><div class='entry-content-wrapper clearfix'>\n\n<style type=\"text\/css\" data-created_by=\"avia_inline_auto\" id=\"style-css-av-k9co203n-8935b6ad84c811153b68417ee7c0ceb2\">\n#top .av-special-heading.av-k9co203n-8935b6ad84c811153b68417ee7c0ceb2{\npadding-bottom:0;\ncolor:#ffffff;\nfont-size:60px;\n}\nbody .av-special-heading.av-k9co203n-8935b6ad84c811153b68417ee7c0ceb2 .av-special-heading-tag .heading-char{\nfont-size:25px;\n}\n#top #wrap_all .av-special-heading.av-k9co203n-8935b6ad84c811153b68417ee7c0ceb2 .av-special-heading-tag{\nfont-size:60px;\n}\n.av-special-heading.av-k9co203n-8935b6ad84c811153b68417ee7c0ceb2 .special-heading-inner-border{\nborder-color:#ffffff;\n}\n.av-special-heading.av-k9co203n-8935b6ad84c811153b68417ee7c0ceb2 .av-subheading{\nfont-size:18px;\n}\n\n@media only screen and (min-width: 480px) and (max-width: 767px){ \n#top #wrap_all .av-special-heading.av-k9co203n-8935b6ad84c811153b68417ee7c0ceb2 .av-special-heading-tag{\nfont-size:24px;\n}\n}\n\n@media only screen and (max-width: 479px){ \n#top #wrap_all .av-special-heading.av-k9co203n-8935b6ad84c811153b68417ee7c0ceb2 .av-special-heading-tag{\nfont-size:22px;\n}\n}\n<\/style>\n<div  class='av-special-heading av-k9co203n-8935b6ad84c811153b68417ee7c0ceb2 av-special-heading-h1 custom-color-heading blockquote modern-quote  avia-builder-el-10  avia-builder-el-no-sibling  av-thin-font av-inherit-size'><h1 class='av-special-heading-tag '  itemprop=\"headline\"  >Avenches Tattoo <strong>Team<\/strong><\/h1><div class=\"special-heading-border\"><div class=\"special-heading-inner-border\"><\/div><\/div><\/div>\n<\/div><\/div><\/div><!-- close content main div --><\/div><\/div><\/div><div id='after_section_3'  class='main_color av_default_container_wrap container_wrap sidebar_right'  ><div class='container av-section-cont-open' ><div class='template-page content  av-content-small alpha units'><div class='post-entry post-entry-type-page post-entry-861'><div class='entry-content-wrapper clearfix'>\n\n<style type=\"text\/css\" data-created_by=\"avia_inline_auto\" id=\"style-css-av-tt71-a0c03b07fd94f548d71fcd7045c392d3\">\n.flex_column.av-tt71-a0c03b07fd94f548d71fcd7045c392d3{\nborder-radius:0px 0px 0px 0px;\npadding:0px 0px 0px 0px;\n}\n<\/style>\n<div  class='flex_column av-tt71-a0c03b07fd94f548d71fcd7045c392d3 av_one_third  avia-builder-el-11  el_after_av_section  el_before_av_one_third  avia-builder-el-first  first flex_column_div av-zero-column-padding  '     ><p>\n<style type=\"text\/css\" data-created_by=\"avia_inline_auto\" id=\"style-css-av-k9mj04ue-3e2e7267eb758c255056cb4cac1fc10c\">\n#top .av-special-heading.av-k9mj04ue-3e2e7267eb758c255056cb4cac1fc10c{\npadding-bottom:10px;\n}\nbody .av-special-heading.av-k9mj04ue-3e2e7267eb758c255056cb4cac1fc10c .av-special-heading-tag .heading-char{\nfont-size:25px;\n}\n.av-special-heading.av-k9mj04ue-3e2e7267eb758c255056cb4cac1fc10c .av-subheading{\nfont-size:15px;\n}\n<\/style>\n<div  class='av-special-heading av-k9mj04ue-3e2e7267eb758c255056cb4cac1fc10c av-special-heading-h3  avia-builder-el-12  el_before_av_textblock  avia-builder-el-first '><h3 class='av-special-heading-tag '  itemprop=\"headline\"  >Tattoo Office<\/h3><div class=\"special-heading-border\"><div class=\"special-heading-inner-border\"><\/div><\/div><\/div><br \/>\n<section  class='av_textblock_section av-k9mirhmt-27697880b7200d869ed25095fbc0d642 '   itemscope=\"itemscope\" itemtype=\"https:\/\/schema.org\/CreativeWork\" ><div class='avia_textblock'  itemprop=\"text\" ><section class=\"av_textblock_section \">\n<div class=\"avia_textblock \">\n<p>Ludovic Frochaux, directeur<\/p>\n<p>Olivia Bachelard, responsable billetterie<\/p>\n<p>Laura Grand, responsable communication<\/p>\n<p>Christel Dubey, gestionnaire administrative<\/p>\n<p>Michel Doleires, comptable<\/p>\n<\/div>\n<\/section>\n<\/div><\/section><\/p><\/div>\n<style type=\"text\/css\" data-created_by=\"avia_inline_auto\" id=\"style-css-av-41ij31-58bb49c0e22e8c40c1beee83cbfe0865\">\n.flex_column.av-41ij31-58bb49c0e22e8c40c1beee83cbfe0865{\nborder-radius:0px 0px 0px 0px;\npadding:0px 0px 0px 0px;\n}\n<\/style>\n<div  class='flex_column av-41ij31-58bb49c0e22e8c40c1beee83cbfe0865 av_one_third  avia-builder-el-14  el_after_av_one_third  el_before_av_one_third  flex_column_div av-zero-column-padding  '     ><p>\n<style type=\"text\/css\" data-created_by=\"avia_inline_auto\" id=\"style-css-av-k9mj04ue-5-a4a6da2c71a27a83d019bc1d68dedac4\">\n#top .av-special-heading.av-k9mj04ue-5-a4a6da2c71a27a83d019bc1d68dedac4{\npadding-bottom:10px;\n}\nbody .av-special-heading.av-k9mj04ue-5-a4a6da2c71a27a83d019bc1d68dedac4 .av-special-heading-tag .heading-char{\nfont-size:25px;\n}\n.av-special-heading.av-k9mj04ue-5-a4a6da2c71a27a83d019bc1d68dedac4 .av-subheading{\nfont-size:15px;\n}\n<\/style>\n<div  class='av-special-heading av-k9mj04ue-5-a4a6da2c71a27a83d019bc1d68dedac4 av-special-heading-h3  avia-builder-el-15  el_before_av_textblock  avia-builder-el-first '><h3 class='av-special-heading-tag '  itemprop=\"headline\"  >Production Team<\/h3><div class=\"special-heading-border\"><div class=\"special-heading-inner-border\"><\/div><\/div><\/div><br \/>\n<section  class='av_textblock_section av-k9mirhmt-4-22c5f248a7d7c9d60e5e9e7700b3d216 '   itemscope=\"itemscope\" itemtype=\"https:\/\/schema.org\/CreativeWork\" ><div class='avia_textblock'  itemprop=\"text\" ><section class=\"av_textblock_section \">\n<div class=\"avia_textblock \">\n<section class=\"av_textblock_section \">\n<div class=\"avia_textblock \">\n<p>Etienne Mounir, directeur musical et artistique<\/p>\n<p>Albin de Mi\u00e9ville, production manager<\/p>\n<p>S\u00e9bastien Corth\u00e9sy, conseiller artistique<\/p>\n<p>Ir\u00e8ne Munier, assistante de production<\/p>\n<p>Philipp R\u00fctsche, arena master<\/p>\n<p>Julien L\u00fcthi, directeur technique<\/p>\n<p>Giuseppe Greco, responsable vid\u00e9o<\/p>\n<p>R\u00e9gis Gobet, pr\u00e9sentateur ar\u00e8ne<\/p>\n<p>Jean-Marc Richard, pr\u00e9sentateur TV<\/p>\n<\/div>\n<\/section>\n<\/div>\n<\/section>\n<\/div><\/section><\/p><\/div><\/p>\n\n<style type=\"text\/css\" data-created_by=\"avia_inline_auto\" id=\"style-css-av-41ij31-3-d146948c3f2484a5d8b64c22fe43021a\">\n.flex_column.av-41ij31-3-d146948c3f2484a5d8b64c22fe43021a{\nborder-radius:0px 0px 0px 0px;\npadding:0px 0px 0px 0px;\n}\n<\/style>\n<div  class='flex_column av-41ij31-3-d146948c3f2484a5d8b64c22fe43021a av_one_third  avia-builder-el-17  el_after_av_one_third  el_before_av_one_full  flex_column_div av-zero-column-padding  '     ><p>\n<style type=\"text\/css\" data-created_by=\"avia_inline_auto\" id=\"style-css-av-k9mj04ue-2-a1c75a61133d10e3c997e7bed6e11a38\">\n#top .av-special-heading.av-k9mj04ue-2-a1c75a61133d10e3c997e7bed6e11a38{\npadding-bottom:10px;\n}\nbody .av-special-heading.av-k9mj04ue-2-a1c75a61133d10e3c997e7bed6e11a38 .av-special-heading-tag .heading-char{\nfont-size:25px;\n}\n.av-special-heading.av-k9mj04ue-2-a1c75a61133d10e3c997e7bed6e11a38 .av-subheading{\nfont-size:15px;\n}\n<\/style>\n<div  class='av-special-heading av-k9mj04ue-2-a1c75a61133d10e3c997e7bed6e11a38 av-special-heading-h3  avia-builder-el-18  el_before_av_textblock  avia-builder-el-first '><h3 class='av-special-heading-tag '  itemprop=\"headline\"  >Logistik<\/h3><div class=\"special-heading-border\"><div class=\"special-heading-inner-border\"><\/div><\/div><\/div><br \/>\n<section  class='av_textblock_section av-k9mirhmt-1-301a860ddb2a8cc6b49515a4a20b7357 '   itemscope=\"itemscope\" itemtype=\"https:\/\/schema.org\/CreativeWork\" ><div class='avia_textblock'  itemprop=\"text\" ><section>\n<div>\n<section>Julien Bessard, responsable F&#038;B<\/p>\n<p>Simon Tavel, responsable infrastructure<\/p>\n<p>Nicolas Golay, responsable s\u00e9curit\u00e9<\/p>\n<p>Jo\u00ebl Challet, project manager<\/p>\n<p>Claude Vez, responsable logistique<\/p>\n<p>Marianne Bardet, responsable accueil VIP<\/p>\n<p>Sophie Meyer Bardet, responsable des placeurs<\/p>\n<\/section>\n<\/div>\n<\/section>\n<\/div><\/section><\/p><\/div>\n\n<style type=\"text\/css\" data-created_by=\"avia_inline_auto\" id=\"style-css-av-115oj1-28bccf8db65d11a2a29179cf67ace89f\">\n.flex_column.av-115oj1-28bccf8db65d11a2a29179cf67ace89f{\nborder-radius:0px 0px 0px 0px;\npadding:0px 0px 0px 0px;\n}\n<\/style>\n<div  class='flex_column av-115oj1-28bccf8db65d11a2a29179cf67ace89f av_one_full  avia-builder-el-20  el_after_av_one_third  avia-builder-el-last  first flex_column_div av-zero-column-padding  column-top-margin'     ><form action=\"https:\/\/avenchestattoo.ch\/de\/kontakt\/\" method=\"post\" data-fields-with-error=\"Fehler wurden in folgenden Feld(ern) gefunden:\" class=\"avia_ajax_form av-form-labels-visible   avia-builder-el-21  avia-builder-el-no-sibling   \" data-avia-form-id=\"1\" data-avia-redirect='' ><h3 class=''>Kontakt<\/h3><fieldset><p class='  first_form  form_element form_fullwidth' id='element_avia_1_1'><label for=\"avia_1_1\">Name <abbr class=\"required\" title=\"ben\u00f6tigt\">*<\/abbr><\/label> <input name=\"avia_1_1\" class=\"text_input is_empty\" type=\"text\" id=\"avia_1_1\" value=\"\" \/><\/p><p class='  first_form  form_element form_fullwidth' id='element_avia_2_1'><label for=\"avia_2_1\">E-mail  Adresse <abbr class=\"required\" title=\"ben\u00f6tigt\">*<\/abbr><\/label> <input name=\"avia_2_1\" class=\"text_input is_email\" type=\"text\" id=\"avia_2_1\" value=\"\" \/><\/p><p class='  first_form  form_element form_fullwidth' id='element_avia_3_1'><label for=\"avia_3_1\">Betreff <abbr class=\"required\" title=\"ben\u00f6tigt\">*<\/abbr><\/label> <input name=\"avia_3_1\" class=\"text_input is_empty\" type=\"text\" id=\"avia_3_1\" value=\"\" \/><\/p><p class='  first_form  form_element form_fullwidth av-last-visible-form-element' id='element_avia_4_1'><label for=\"avia_4_1\" class=\"textare_label hidden textare_label_avia_4_1\">Ihre Nachricht <abbr class=\"required\" title=\"ben\u00f6tigt\">*<\/abbr><\/label><textarea  name=\"avia_4_1\" class=\"text_area is_empty\" cols=\"40\" rows=\"7\" id=\"avia_4_1\" ><\/textarea><\/p><p class=\"hidden\"><input type=\"text\" name=\"avia_5_1\" class=\"hidden \" id=\"avia_5_1\" value=\"\" \/><\/p><p class=\"form_element \"><input type=\"hidden\" value=\"1\" name=\"avia_generated_form1\" \/><input type=\"submit\" value=\"Senden\" class=\"button\"  data-sending-label=\"Sende\"\/><\/p><\/fieldset><\/form><div id=\"ajaxresponse_1\" class=\"ajaxresponse ajaxresponse_1 hidden\"><\/div><\/div>\n","protected":false},"excerpt":{"rendered":"","protected":false},"author":1,"featured_media":0,"parent":0,"menu_order":0,"comment_status":"closed","ping_status":"closed","template":"","meta":{"footnotes":""},"folder":[],"class_list":["post-861","page","type-page","status-publish","hentry"],"yoast_head":"<!-- This site is optimized with the Yoast SEO Premium plugin v25.7.1 (Yoast SEO v27.3) - https:\/\/yoast.com\/product\/yoast-seo-premium-wordpress\/ -->\n<title>Kontakt - Avenches Tattoo Festival<\/title>\n<meta name=\"robots\" content=\"index, follow, max-snippet:-1, max-image-preview:large, max-video-preview:-1\" \/>\n<link rel=\"canonical\" href=\"https:\/\/avenchestattoo.ch\/de\/kontakt\/\" \/>\n<meta property=\"og:locale\" content=\"de_DE\" \/>\n<meta property=\"og:type\" content=\"article\" \/>\n<meta property=\"og:title\" content=\"Kontakt\" \/>\n<meta property=\"og:url\" content=\"https:\/\/avenchestattoo.ch\/de\/kontakt\/\" \/>\n<meta property=\"og:site_name\" content=\"Avenches Tattoo Festival\" \/>\n<meta property=\"article:publisher\" content=\"https:\/\/www.facebook.com\/avenchestattoo\" \/>\n<meta property=\"article:modified_time\" content=\"2026-01-22T12:49:06+00:00\" \/>\n<meta property=\"og:image\" content=\"https:\/\/avenchestattoo.ch\/wp-content\/uploads\/2023\/11\/rawkingphoto--dsc6319-scaled.jpg\" \/>\n\t<meta property=\"og:image:width\" content=\"2560\" \/>\n\t<meta property=\"og:image:height\" content=\"1440\" \/>\n\t<meta property=\"og:image:type\" content=\"image\/jpeg\" \/>\n<meta name=\"twitter:card\" content=\"summary_large_image\" \/>\n<script type=\"application\/ld+json\" class=\"yoast-schema-graph\">{\"@context\":\"https:\\\/\\\/schema.org\",\"@graph\":[{\"@type\":\"WebPage\",\"@id\":\"https:\\\/\\\/avenchestattoo.ch\\\/de\\\/kontakt\\\/\",\"url\":\"https:\\\/\\\/avenchestattoo.ch\\\/de\\\/kontakt\\\/\",\"name\":\"Kontakt - Avenches Tattoo Festival\",\"isPartOf\":{\"@id\":\"https:\\\/\\\/avenchestattoo.ch\\\/de\\\/#website\"},\"datePublished\":\"2016-11-18T11:07:02+00:00\",\"dateModified\":\"2026-01-22T12:49:06+00:00\",\"breadcrumb\":{\"@id\":\"https:\\\/\\\/avenchestattoo.ch\\\/de\\\/kontakt\\\/#breadcrumb\"},\"inLanguage\":\"de\",\"potentialAction\":[{\"@type\":\"ReadAction\",\"target\":[\"https:\\\/\\\/avenchestattoo.ch\\\/de\\\/kontakt\\\/\"]}]},{\"@type\":\"BreadcrumbList\",\"@id\":\"https:\\\/\\\/avenchestattoo.ch\\\/de\\\/kontakt\\\/#breadcrumb\",\"itemListElement\":[{\"@type\":\"ListItem\",\"position\":1,\"name\":\"Accueil\",\"item\":\"https:\\\/\\\/avenchestattoo.ch\\\/de\\\/\"},{\"@type\":\"ListItem\",\"position\":2,\"name\":\"Kontakt\"}]},{\"@type\":\"WebSite\",\"@id\":\"https:\\\/\\\/avenchestattoo.ch\\\/de\\\/#website\",\"url\":\"https:\\\/\\\/avenchestattoo.ch\\\/de\\\/\",\"name\":\"Avenches Tattoo Festival\",\"description\":\"4-5 septembre 2025\",\"publisher\":{\"@id\":\"https:\\\/\\\/avenchestattoo.ch\\\/de\\\/#organization\"},\"alternateName\":\"Avenches Tattoo\",\"potentialAction\":[{\"@type\":\"SearchAction\",\"target\":{\"@type\":\"EntryPoint\",\"urlTemplate\":\"https:\\\/\\\/avenchestattoo.ch\\\/de\\\/?s={search_term_string}\"},\"query-input\":{\"@type\":\"PropertyValueSpecification\",\"valueRequired\":true,\"valueName\":\"search_term_string\"}}],\"inLanguage\":\"de\"},{\"@type\":\"Organization\",\"@id\":\"https:\\\/\\\/avenchestattoo.ch\\\/de\\\/#organization\",\"name\":\"Fondation Avenches Tattoo\",\"alternateName\":\"Avenches Tattoo\",\"url\":\"https:\\\/\\\/avenchestattoo.ch\\\/de\\\/\",\"logo\":{\"@type\":\"ImageObject\",\"inLanguage\":\"de\",\"@id\":\"https:\\\/\\\/avenchestattoo.ch\\\/de\\\/#\\\/schema\\\/logo\\\/image\\\/\",\"url\":\"https:\\\/\\\/avenchestattoo.ch\\\/wp-content\\\/uploads\\\/2023\\\/11\\\/avenches-tattoo-carre-logo-at-scaled.jpg\",\"contentUrl\":\"https:\\\/\\\/avenchestattoo.ch\\\/wp-content\\\/uploads\\\/2023\\\/11\\\/avenches-tattoo-carre-logo-at-scaled.jpg\",\"width\":2560,\"height\":2560,\"caption\":\"Fondation Avenches Tattoo\"},\"image\":{\"@id\":\"https:\\\/\\\/avenchestattoo.ch\\\/de\\\/#\\\/schema\\\/logo\\\/image\\\/\"},\"sameAs\":[\"https:\\\/\\\/www.facebook.com\\\/avenchestattoo\",\"https:\\\/\\\/www.instagram.com\\\/avenchestattoo\",\"https:\\\/\\\/www.youtube.com\\\/@AvenchesTattooChannel\"]}]}<\/script>\n<!-- \/ Yoast SEO Premium plugin. -->","yoast_head_json":{"title":"Kontakt - Avenches Tattoo Festival","robots":{"index":"index","follow":"follow","max-snippet":"max-snippet:-1","max-image-preview":"max-image-preview:large","max-video-preview":"max-video-preview:-1"},"canonical":"https:\/\/avenchestattoo.ch\/de\/kontakt\/","og_locale":"de_DE","og_type":"article","og_title":"Kontakt","og_url":"https:\/\/avenchestattoo.ch\/de\/kontakt\/","og_site_name":"Avenches Tattoo Festival","article_publisher":"https:\/\/www.facebook.com\/avenchestattoo","article_modified_time":"2026-01-22T12:49:06+00:00","og_image":[{"width":2560,"height":1440,"url":"https:\/\/avenchestattoo.ch\/wp-content\/uploads\/2023\/11\/rawkingphoto--dsc6319-scaled.jpg","type":"image\/jpeg"}],"twitter_card":"summary_large_image","schema":{"@context":"https:\/\/schema.org","@graph":[{"@type":"WebPage","@id":"https:\/\/avenchestattoo.ch\/de\/kontakt\/","url":"https:\/\/avenchestattoo.ch\/de\/kontakt\/","name":"Kontakt - Avenches Tattoo Festival","isPartOf":{"@id":"https:\/\/avenchestattoo.ch\/de\/#website"},"datePublished":"2016-11-18T11:07:02+00:00","dateModified":"2026-01-22T12:49:06+00:00","breadcrumb":{"@id":"https:\/\/avenchestattoo.ch\/de\/kontakt\/#breadcrumb"},"inLanguage":"de","potentialAction":[{"@type":"ReadAction","target":["https:\/\/avenchestattoo.ch\/de\/kontakt\/"]}]},{"@type":"BreadcrumbList","@id":"https:\/\/avenchestattoo.ch\/de\/kontakt\/#breadcrumb","itemListElement":[{"@type":"ListItem","position":1,"name":"Accueil","item":"https:\/\/avenchestattoo.ch\/de\/"},{"@type":"ListItem","position":2,"name":"Kontakt"}]},{"@type":"WebSite","@id":"https:\/\/avenchestattoo.ch\/de\/#website","url":"https:\/\/avenchestattoo.ch\/de\/","name":"Avenches Tattoo Festival","description":"4-5 septembre 2025","publisher":{"@id":"https:\/\/avenchestattoo.ch\/de\/#organization"},"alternateName":"Avenches Tattoo","potentialAction":[{"@type":"SearchAction","target":{"@type":"EntryPoint","urlTemplate":"https:\/\/avenchestattoo.ch\/de\/?s={search_term_string}"},"query-input":{"@type":"PropertyValueSpecification","valueRequired":true,"valueName":"search_term_string"}}],"inLanguage":"de"},{"@type":"Organization","@id":"https:\/\/avenchestattoo.ch\/de\/#organization","name":"Fondation Avenches Tattoo","alternateName":"Avenches Tattoo","url":"https:\/\/avenchestattoo.ch\/de\/","logo":{"@type":"ImageObject","inLanguage":"de","@id":"https:\/\/avenchestattoo.ch\/de\/#\/schema\/logo\/image\/","url":"https:\/\/avenchestattoo.ch\/wp-content\/uploads\/2023\/11\/avenches-tattoo-carre-logo-at-scaled.jpg","contentUrl":"https:\/\/avenchestattoo.ch\/wp-content\/uploads\/2023\/11\/avenches-tattoo-carre-logo-at-scaled.jpg","width":2560,"height":2560,"caption":"Fondation Avenches Tattoo"},"image":{"@id":"https:\/\/avenchestattoo.ch\/de\/#\/schema\/logo\/image\/"},"sameAs":["https:\/\/www.facebook.com\/avenchestattoo","https:\/\/www.instagram.com\/avenchestattoo","https:\/\/www.youtube.com\/@AvenchesTattooChannel"]}]}},"_links":{"self":[{"href":"https:\/\/avenchestattoo.ch\/de\/wp-json\/wp\/v2\/pages\/861","targetHints":{"allow":["GET"]}}],"collection":[{"href":"https:\/\/avenchestattoo.ch\/de\/wp-json\/wp\/v2\/pages"}],"about":[{"href":"https:\/\/avenchestattoo.ch\/de\/wp-json\/wp\/v2\/types\/page"}],"author":[{"embeddable":true,"href":"https:\/\/avenchestattoo.ch\/de\/wp-json\/wp\/v2\/users\/1"}],"replies":[{"embeddable":true,"href":"https:\/\/avenchestattoo.ch\/de\/wp-json\/wp\/v2\/comments?post=861"}],"version-history":[{"count":31,"href":"https:\/\/avenchestattoo.ch\/de\/wp-json\/wp\/v2\/pages\/861\/revisions"}],"predecessor-version":[{"id":10579,"href":"https:\/\/avenchestattoo.ch\/de\/wp-json\/wp\/v2\/pages\/861\/revisions\/10579"}],"wp:attachment":[{"href":"https:\/\/avenchestattoo.ch\/de\/wp-json\/wp\/v2\/media?parent=861"}],"wp:term":[{"taxonomy":"folder","embeddable":true,"href":"https:\/\/avenchestattoo.ch\/de\/wp-json\/wp\/v2\/folder?post=861"}],"curies":[{"name":"wp","href":"https:\/\/api.w.org\/{rel}","templated":true}]}}